{"id":224,"date":"2025-08-19T20:20:53","date_gmt":"2025-08-19T19:20:53","guid":{"rendered":"https:\/\/popacard.ch\/fr\/?post_type=product&#038;p=224"},"modified":"2025-10-21T22:47:37","modified_gmt":"2025-10-21T21:47:37","slug":"carte-pop-up-bateau-pirate","status":"publish","type":"product","link":"https:\/\/popacard.ch\/fr\/cartes-de-voeux\/carte-pop-up-bateau-pirate\/","title":{"rendered":"Carte Pop-Up Bateau Pirate"},"content":{"rendered":"<p><strong>D\u00e9tails du produit<\/strong><\/p>\n<ul>\n<li>Format : 12,5 x 17,5 cm (5 x 7\u201d)<\/li>\n<li>Contient un feuillet vierge pour votre message<\/li>\n<li>Livr\u00e9e avec une enveloppe blanche et une pochette de protection<\/li>\n<\/ul>\n<p><strong>Message personnalis\u00e9 (en option)<\/strong><\/p>\n<p>En choisissant cette option, nous nous chargeons d&#8217;\u00e9crire votre message \u00e0 la main et d&#8217;envoyer la carte directement \u00e0 votre destinataire.<\/p>\n<p>Si vous optez pour ce service :<\/p>\n<ul>\n<li>R\u00e9digez votre message dans la zone pr\u00e9vue ci-dessus (<em>avec un suppl\u00e9ment<\/em>)<\/li>\n<li>N&#8217;oubliez pas d&#8217;utiliser <em>l&#8217;adresse du destinataire<\/em> comme adresse de livraison.<\/li>\n<\/ul>\n<p>Si vous pr\u00e9f\u00e9rez l&#8217;\u00e9crire <em>vous-m\u00eame<\/em>, laissez simplement le champ de texte vide. Nous vous enverrons la carte directement.<\/p>\n<p><strong>Exp\u00e9dition &amp; livraison<\/strong><\/p>\n<ul>\n<li>Commandes pr\u00e9par\u00e9es et exp\u00e9di\u00e9es sous 1 jour ouvrable<\/li>\n<li>France : 3 \u00e0 5 jours ouvrables<\/li>\n<li>Suisse : livraison le jour ouvrable suivant<\/li>\n<li>Reste de l\u2019Europe et Royaume-Uni : 3 \u00e0 5 jours ouvrables<\/li>\n<\/ul>\n","protected":false},"excerpt":{"rendered":"<p>D\u00e9tails du produit Format : 12,5 x 17,5 cm (5 x 7\u201d) Contient un feuillet vierge pour votre message Livr\u00e9e avec une enveloppe blanche et une pochette de protection Message personnalis\u00e9 (en option) En choisissant cette option, nous nous chargeons d&#8217;\u00e9crire votre message \u00e0 la main et d&#8217;envoyer la carte directement \u00e0 votre destinataire. Si [&hellip;]<\/p>\n","protected":false},"featured_media":407,"template":"","meta":[],"product_brand":[],"product_cat":[21,23,15,31],"product_tag":[],"class_list":{"0":"post-224","1":"product","2":"type-product","3":"status-publish","4":"has-post-thumbnail","6":"product_cat-anniversaire","7":"product_cat-famille-maman-papa-enfants-naissance","8":"product_cat-toutes-les-occasions","9":"product_cat-toutes-les-cartes","10":"wcpa_has_options","12":"first","13":"instock","14":"shipping-taxable","15":"purchasable","16":"product-type-simple"},"aioseo_notices":[],"_links":{"self":[{"href":"https:\/\/popacard.ch\/fr\/wp-json\/wp\/v2\/product\/224","targetHints":{"allow":["GET"]}}],"collection":[{"href":"https:\/\/popacard.ch\/fr\/wp-json\/wp\/v2\/product"}],"about":[{"href":"https:\/\/popacard.ch\/fr\/wp-json\/wp\/v2\/types\/product"}],"wp:featuredmedia":[{"embeddable":true,"href":"https:\/\/popacard.ch\/fr\/wp-json\/wp\/v2\/media\/407"}],"wp:attachment":[{"href":"https:\/\/popacard.ch\/fr\/wp-json\/wp\/v2\/media?parent=224"}],"wp:term":[{"taxonomy":"product_brand","embeddable":true,"href":"https:\/\/popacard.ch\/fr\/wp-json\/wp\/v2\/product_brand?post=224"},{"taxonomy":"product_cat","embeddable":true,"href":"https:\/\/popacard.ch\/fr\/wp-json\/wp\/v2\/product_cat?post=224"},{"taxonomy":"product_tag","embeddable":true,"href":"https:\/\/popacard.ch\/fr\/wp-json\/wp\/v2\/product_tag?post=224"}],"curies":[{"name":"wp","href":"https:\/\/api.w.org\/{rel}","templated":true}]}}