{"id":72,"date":"2025-08-26T10:22:53","date_gmt":"2025-08-26T09:22:53","guid":{"rendered":"https:\/\/popacard.ch\/fr\/?page_id=72"},"modified":"2025-10-24T21:16:41","modified_gmt":"2025-10-24T20:16:41","slug":"contact","status":"publish","type":"page","link":"https:\/\/popacard.ch\/fr\/contact\/","title":{"rendered":"Contactez-nous"},"content":{"rendered":"\n<div style=\"height:80px\" aria-hidden=\"true\" class=\"wp-block-spacer\"><\/div>\n\n\n\n<h1 class=\"wp-block-heading has-custom-color-1-color has-text-color has-link-color wp-elements-32f873bf8b8756cbc6323f05e3c7623f\">Une question ? Contactez-nous.<\/h1>\n\n\n\n<div style=\"height:42px\" aria-hidden=\"true\" class=\"wp-block-spacer\"><\/div>\n\n\n\n<p class=\"has-custom-color-1-color has-text-color has-link-color wp-elements-2d3222cb71635b543d9f4efc6b74aa71\">Pensez \u00e0 consulter notre page <a href=\"https:\/\/popacard.ch\/fr\/vos-questions\/\" target=\"_blank\" rel=\"noopener\" title=\"\">FAQ<\/a> (Foire aux Questions): la r\u00e9ponse \u00e0 votre question s&#8217;y trouve peut-\u00eatre d\u00e9j\u00e0.<\/p>\n\n\n\n<p class=\"has-custom-color-1-color has-text-color has-link-color wp-elements-8f0411b2ed9e4afaa57137f2e440ae50\">Dans le cas contraire, remplissez le formulaire ci-dessous. Nous reviendrons vers vous dans les meilleurs d\u00e9lais.<\/p>\n\n\n<style id=\"wpforms-css-vars-434-block-933979c3-4d92-4691-95b2-a69ae7ffc1c9\">\n\t\t\t\t#wpforms-434.wpforms-block-933979c3-4d92-4691-95b2-a69ae7ffc1c9 {\n\t\t\t\t--wpforms-button-background-color: #ff6b6b;\n--wpforms-field-size-input-height: 43px;\n--wpforms-field-size-input-spacing: 15px;\n--wpforms-field-size-font-size: 16px;\n--wpforms-field-size-line-height: 19px;\n--wpforms-field-size-padding-h: 14px;\n--wpforms-field-size-checkbox-size: 16px;\n--wpforms-field-size-sublabel-spacing: 5px;\n--wpforms-field-size-icon-size: 1;\n--wpforms-label-size-font-size: 16px;\n--wpforms-label-size-line-height: 19px;\n--wpforms-label-size-sublabel-font-size: 14px;\n--wpforms-label-size-sublabel-line-height: 17px;\n--wpforms-button-size-font-size: 17px;\n--wpforms-button-size-height: 41px;\n--wpforms-button-size-padding-h: 15px;\n--wpforms-button-size-margin-top: 10px;\n\t\t\t}\n\t\t\t<\/style><div class=\"wpforms-container wpforms-container-full wpforms-block wpforms-block-933979c3-4d92-4691-95b2-a69ae7ffc1c9 wpforms-render-modern\" id=\"wpforms-434\"><form id=\"wpforms-form-434\" class=\"wpforms-validate wpforms-form wpforms-ajax-form\" data-formid=\"434\" method=\"post\" enctype=\"multipart\/form-data\" action=\"\/fr\/wp-json\/wp\/v2\/pages\/72\" data-token=\"e1270573fe58f7502576eb0d8e15af66\" data-token-time=\"1776070241\"><noscript class=\"wpforms-error-noscript\">Veuillez activer JavaScript dans votre navigateur pour remplir ce formulaire.<\/noscript><div id=\"wpforms-error-noscript\" style=\"display: none;\">Veuillez activer JavaScript dans votre navigateur pour remplir ce formulaire.<\/div><div class=\"wpforms-field-container\">\t\t<div id=\"wpforms-434-field_4-container\"\n\t\t\tclass=\"wpforms-field wpforms-field-text\"\n\t\t\tdata-field-type=\"text\"\n\t\t\tdata-field-id=\"4\"\n\t\t\t>\n\t\t\t<label class=\"wpforms-field-label\" for=\"wpforms-434-field_4\" >Email Nom Message<\/label>\n\t\t\t<input type=\"text\" id=\"wpforms-434-field_4\" class=\"wpforms-field-medium\" name=\"wpforms[fields][4]\" >\n\t\t<\/div>\n\t\t<div id=\"wpforms-434-field_1-container\" class=\"wpforms-field wpforms-field-name\" data-field-id=\"1\"><label class=\"wpforms-field-label\" for=\"wpforms-434-field_1\">Nom <span class=\"wpforms-required-label\" aria-hidden=\"true\">*<\/span><\/label><input type=\"text\" id=\"wpforms-434-field_1\" class=\"wpforms-field-medium wpforms-field-required\" name=\"wpforms[fields][1]\" aria-errormessage=\"wpforms-434-field_1-error\" required><\/div><div id=\"wpforms-434-field_2-container\" class=\"wpforms-field wpforms-field-email\" data-field-id=\"2\"><label class=\"wpforms-field-label\" for=\"wpforms-434-field_2\">Email <span class=\"wpforms-required-label\" aria-hidden=\"true\">*<\/span><\/label><input type=\"email\" id=\"wpforms-434-field_2\" class=\"wpforms-field-medium wpforms-field-required\" name=\"wpforms[fields][2]\" spellcheck=\"false\" aria-errormessage=\"wpforms-434-field_2-error\" required><\/div><div id=\"wpforms-434-field_3-container\" class=\"wpforms-field wpforms-field-textarea\" data-field-id=\"3\"><label class=\"wpforms-field-label\" for=\"wpforms-434-field_3\">Message<\/label><textarea id=\"wpforms-434-field_3\" class=\"wpforms-field-medium\" name=\"wpforms[fields][3]\" aria-errormessage=\"wpforms-434-field_3-error\" ><\/textarea><\/div><script>\n\t\t\t\t( function() {\n\t\t\t\t\tconst style = document.createElement( 'style' );\n\t\t\t\t\tstyle.appendChild( document.createTextNode( '#wpforms-434-field_4-container { position: absolute !important; overflow: hidden !important; display: inline !important; height: 1px !important; width: 1px !important; z-index: -1000 !important; padding: 0 !important; } #wpforms-434-field_4-container input { visibility: hidden; } #wpforms-conversational-form-page #wpforms-434-field_4-container label { counter-increment: none; }' ) );\n\t\t\t\t\tdocument.head.appendChild( style );\n\t\t\t\t\tdocument.currentScript?.remove();\n\t\t\t\t} )();\n\t\t\t<\/script><\/div><!-- .wpforms-field-container --><div class=\"wpforms-submit-container\" ><input type=\"hidden\" name=\"wpforms[id]\" value=\"434\"><input type=\"hidden\" name=\"page_title\" value=\"\"><input type=\"hidden\" name=\"page_url\" value=\"https:\/\/popacard.ch\/fr\/wp-json\/wp\/v2\/pages\/72\"><input type=\"hidden\" name=\"url_referer\" value=\"\"><button type=\"submit\" name=\"wpforms[submit]\" id=\"wpforms-submit-434\" class=\"wpforms-submit\" data-alt-text=\"Envoi en cours\u2026\" data-submit-text=\"Envoyer\" aria-live=\"assertive\" value=\"wpforms-submit\">Envoyer<\/button><img loading=\"lazy\" decoding=\"async\" src=\"https:\/\/popacard.ch\/fr\/wp-content\/plugins\/wpforms-lite\/assets\/images\/submit-spin.svg\" class=\"wpforms-submit-spinner\" style=\"display: none;\" width=\"26\" height=\"26\" alt=\"Chargement en cours\"><\/div><\/form><\/div>  <!-- .wpforms-container -->","protected":false},"excerpt":{"rendered":"<p>Une question ? Contactez-nous. Pensez \u00e0 consulter notre page FAQ (Foire aux Questions): la r\u00e9ponse \u00e0 votre question s&#8217;y trouve peut-\u00eatre d\u00e9j\u00e0. Dans le cas contraire, remplissez le formulaire ci-dessous. Nous reviendrons vers vous dans les meilleurs d\u00e9lais.<\/p>\n","protected":false},"author":3,"featured_media":0,"parent":0,"menu_order":0,"comment_status":"closed","ping_status":"closed","template":"","meta":{"footnotes":""},"class_list":["post-72","page","type-page","status-publish","hentry"],"aioseo_notices":[],"_links":{"self":[{"href":"https:\/\/popacard.ch\/fr\/wp-json\/wp\/v2\/pages\/72","targetHints":{"allow":["GET"]}}],"collection":[{"href":"https:\/\/popacard.ch\/fr\/wp-json\/wp\/v2\/pages"}],"about":[{"href":"https:\/\/popacard.ch\/fr\/wp-json\/wp\/v2\/types\/page"}],"author":[{"embeddable":true,"href":"https:\/\/popacard.ch\/fr\/wp-json\/wp\/v2\/users\/3"}],"replies":[{"embeddable":true,"href":"https:\/\/popacard.ch\/fr\/wp-json\/wp\/v2\/comments?post=72"}],"version-history":[{"count":9,"href":"https:\/\/popacard.ch\/fr\/wp-json\/wp\/v2\/pages\/72\/revisions"}],"predecessor-version":[{"id":702,"href":"https:\/\/popacard.ch\/fr\/wp-json\/wp\/v2\/pages\/72\/revisions\/702"}],"wp:attachment":[{"href":"https:\/\/popacard.ch\/fr\/wp-json\/wp\/v2\/media?parent=72"}],"curies":[{"name":"wp","href":"https:\/\/api.w.org\/{rel}","templated":true}]}}