{"id":70,"date":"2025-06-05T08:28:25","date_gmt":"2025-06-05T07:28:25","guid":{"rendered":"https:\/\/popacard.ch\/fr\/?page_id=70"},"modified":"2026-01-28T21:23:05","modified_gmt":"2026-01-28T21:23:05","slug":"a-propos","status":"publish","type":"page","link":"https:\/\/popacard.ch\/fr\/a-propos\/","title":{"rendered":"About Us"},"content":{"rendered":"\n<div class=\"wp-block-media-text alignfull has-media-on-the-right is-stacked-on-mobile is-vertically-aligned-center is-style-default has-background\" style=\"background-color:#f7efe5\"><div class=\"wp-block-media-text__content\">\n<h1 class=\"wp-block-heading has-text-color\" style=\"color:#1f2a44;font-size:clamp(23.54px, 1.471rem + ((1vw - 3.2px) * 1.61), 39px);\"><strong><strong>Notre histoire<\/strong><\/strong><\/h1>\n\n\n\n<p class=\"has-text-color has-link-color wp-elements-100911a78508d92d3df3a5e80b608ec0\" style=\"color:#1f2a44\">Nous sommes un couple franco-chinois et espagnol, anim\u00e9s par une envie d\u00e9vorante de voyager et de d\u00e9couvrir le monde. Comme nos propres vies naviguent entre l\u2019Europe et l\u2019Asie, nous avons toujours cherch\u00e9 ce petit \u00ab plus \u00bb capable de cr\u00e9er un pont entre ces deux cultures.<\/p>\n\n\n\n<p class=\"has-text-color has-link-color wp-elements-de4460baff25fb7d38dbeb3f7e99ea25\" style=\"color:#1f2a44\">Tout a commenc\u00e9 en 2017, lors d\u2019un voyage au Vietnam. Quelque part entre l\u2019\u00e9nergie d\u00e9bordante de H\u00f4 Chi Minh-Ville et la s\u00e9r\u00e9nit\u00e9 hors du temps de Hu\u00e9, nous sommes tomb\u00e9s sur une petite p\u00e9pite: des cartes \u00ab pop-up \u00bb artisanales d\u2019une finesse incroyable. Ce n\u2019\u00e9taient pas de simples cartes de v\u0153ux, mais de v\u00e9ritables petits mondes miniatures qui s\u2019ouvraient sous nos yeux avant de se glisser dans une enveloppe. Sous le charme, nous en avons envoy\u00e9 une \u00e0 la famille.<\/p>\n\n\n\n<p class=\"has-text-color has-link-color wp-elements-98b2e083663492e2611014dcb3dabcea\" style=\"color:#1f2a44\">Aujourd\u2019hui, cette m\u00eame carte est toujours expos\u00e9e. C\u2019est l\u00e0 toute la diff\u00e9rence: alors que la plupart des cartes finissent oubli\u00e9es au fond d\u2019un tiroir, celle-ci reste avec nous. Elle est le souvenir pr\u00e9cieux d\u2019un instant et d\u2019un voyage.<\/p>\n\n\n\n<p class=\"has-text-color has-link-color wp-elements-57327a93ebfc355c8623f632f163d0a3\" style=\"color:#1f2a44\">De retour \u00e0 Gen\u00e8ve, nous avons r\u00e9alis\u00e9 qu\u2019il \u00e9tait difficile de d\u00e9nicher des cr\u00e9ations de cette qualit\u00e9 en Europe. C\u2019est de l\u00e0 qu\u2019est n\u00e9 notre projet. Nous voulions rendre cet artisanat accessible, bien s\u00fbr, mais surtout partager ce coup de c\u0153ur et ce \u00ab moment waouh \u00bb que nous avions v\u00e9cu l\u00e0-bas.<\/p>\n\n\n\n<p class=\"has-text-color has-link-color wp-elements-03b44de7c8be07c7db1c313f2bea1ac3\" style=\"color:#1f2a44\"><\/p>\n\n\n\n<h2 class=\"wp-block-heading has-text-color\" style=\"color:#1f2a44;font-size:clamp(19.481px, 1.218rem + ((1vw - 3.2px) * 1.2), 31px);\"><strong><strong>La magie du papier<\/strong><\/strong><\/h2>\n\n\n\n<p class=\"has-text-color has-link-color wp-elements-8427460e7f266dc671d05c7664914428\" style=\"color:#1f2a44\">Dans un monde qui d\u00e9file \u00e0 toute allure derri\u00e8re nos \u00e9crans, il y a quelque chose d\u2019irrempla\u00e7able dans le bonheur de recevoir une vraie lettre.<\/p>\n\n\n\n<p class=\"has-text-color has-link-color wp-elements-ce5cc23a41e2b20890ad5eeb73d4928f\" style=\"color:#1f2a44\">On est rest\u00e9s tr\u00e8s attach\u00e9s aux lettres traditionnelles. C\u2019est pour cela que nous vous proposons d\u2019\u00e9crire vos messages \u00e0 la main. Si vous manquez de temps ou que vous ne pouvez pas envoyer la carte vous-m\u00eame, nous prenons la plume pour vous. Parce qu\u2019un texte imprim\u00e9 n&#8217;aura jamais la m\u00eame \u00e2me qu\u2019un mot \u00e9crit \u00e0 l\u2019encre.<\/p>\n\n\n\n<p class=\"has-text-color has-link-color wp-elements-ae9b409e301f2f44d6f20809bdc50d40\" style=\"color:#1f2a44\">Chaque carte de notre collection est fabriqu\u00e9e \u00e9thiquement et choisie par nos soins. Que ce soit pour un mariage, un anniversaire ou une simple pens\u00e9e, nous esp\u00e9rons que ces cartes vous aideront \u00e0 raconter, \u00e0 votre tour, votre propre histoire.<\/p>\n\n\n\n<p class=\"has-text-color has-link-color wp-elements-03b44de7c8be07c7db1c313f2bea1ac3\" style=\"color:#1f2a44\"><\/p>\n<\/div><figure class=\"wp-block-media-text__media\"><img loading=\"lazy\" decoding=\"async\" width=\"800\" height=\"800\" src=\"https:\/\/popacard.ch\/fr\/wp-content\/uploads\/sites\/10\/2025\/06\/800x800-images-low-weight.png\" alt=\"\" class=\"wp-image-536 size-large\" srcset=\"https:\/\/popacard.ch\/fr\/wp-content\/uploads\/sites\/10\/2025\/06\/800x800-images-low-weight.png 800w, https:\/\/popacard.ch\/fr\/wp-content\/uploads\/sites\/10\/2025\/06\/800x800-images-low-weight-300x300.png 300w, https:\/\/popacard.ch\/fr\/wp-content\/uploads\/sites\/10\/2025\/06\/800x800-images-low-weight-150x150.png 150w, https:\/\/popacard.ch\/fr\/wp-content\/uploads\/sites\/10\/2025\/06\/800x800-images-low-weight-768x768.png 768w, https:\/\/popacard.ch\/fr\/wp-content\/uploads\/sites\/10\/2025\/06\/800x800-images-low-weight-600x600.png 600w, https:\/\/popacard.ch\/fr\/wp-content\/uploads\/sites\/10\/2025\/06\/800x800-images-low-weight-100x100.png 100w\" sizes=\"auto, (max-width: 800px) 100vw, 800px\" \/><\/figure><\/div>\n","protected":false},"excerpt":{"rendered":"<p>Notre histoire Nous sommes un couple franco-chinois et espagnol, anim\u00e9s par une envie d\u00e9vorante de voyager et de d\u00e9couvrir le monde. Comme nos propres vies naviguent entre l\u2019Europe et l\u2019Asie, nous avons toujours cherch\u00e9 ce petit \u00ab plus \u00bb capable de cr\u00e9er un pont entre ces deux cultures. Tout a commenc\u00e9 en 2017, lors d\u2019un [&hellip;]<\/p>\n","protected":false},"author":3,"featured_media":0,"parent":0,"menu_order":0,"comment_status":"closed","ping_status":"closed","template":"","meta":{"footnotes":""},"class_list":["post-70","page","type-page","status-publish","hentry"],"aioseo_notices":[],"_links":{"self":[{"href":"https:\/\/popacard.ch\/fr\/wp-json\/wp\/v2\/pages\/70","targetHints":{"allow":["GET"]}}],"collection":[{"href":"https:\/\/popacard.ch\/fr\/wp-json\/wp\/v2\/pages"}],"about":[{"href":"https:\/\/popacard.ch\/fr\/wp-json\/wp\/v2\/types\/page"}],"author":[{"embeddable":true,"href":"https:\/\/popacard.ch\/fr\/wp-json\/wp\/v2\/users\/3"}],"replies":[{"embeddable":true,"href":"https:\/\/popacard.ch\/fr\/wp-json\/wp\/v2\/comments?post=70"}],"version-history":[{"count":9,"href":"https:\/\/popacard.ch\/fr\/wp-json\/wp\/v2\/pages\/70\/revisions"}],"predecessor-version":[{"id":783,"href":"https:\/\/popacard.ch\/fr\/wp-json\/wp\/v2\/pages\/70\/revisions\/783"}],"wp:attachment":[{"href":"https:\/\/popacard.ch\/fr\/wp-json\/wp\/v2\/media?parent=70"}],"curies":[{"name":"wp","href":"https:\/\/api.w.org\/{rel}","templated":true}]}}