{"id":68,"date":"2025-06-04T17:44:25","date_gmt":"2025-06-04T16:44:25","guid":{"rendered":"https:\/\/popacard.ch\/fr\/?page_id=68"},"modified":"2025-10-24T21:16:01","modified_gmt":"2025-10-24T20:16:01","slug":"vos-questions","status":"publish","type":"page","link":"https:\/\/popacard.ch\/fr\/vos-questions\/","title":{"rendered":"FAQ"},"content":{"rendered":"\n<div class=\"wp-block-group alignfull has-contrast-color has-text-color has-background has-link-color wp-elements-fe1d8d41dbee972442241be1cb54da87 has-global-padding is-layout-constrained wp-container-core-group-is-layout-d89aad35 wp-block-group-is-layout-constrained\" style=\"background-color:#f7efe5;margin-top:0;margin-bottom:0;padding-top:var(--wp--preset--spacing--50);padding-right:var(--wp--preset--spacing--50);padding-bottom:var(--wp--preset--spacing--50);padding-left:var(--wp--preset--spacing--50)\">\n<h1 class=\"wp-block-heading alignwide has-text-align-center has-custom-color-1-color has-text-color has-link-color wp-elements-b5e25556451a1309f456cbe11b9b9306\" style=\"font-size:clamp(23.54px, 1.471rem + ((1vw - 3.2px) * 1.61), 39px);\"><strong>Questions Fr\u00e9quentes<\/strong><\/h1>\n\n\n\n<div style=\"height:100px\" aria-hidden=\"true\" class=\"wp-block-spacer\"><\/div>\n\n\n\n<h3 class=\"wp-block-heading alignwide has-custom-color-1-color has-text-color has-link-color wp-elements-9a6cd4e1d033a7fd9f3f52a96d9d832e\" style=\"font-size:clamp(19.481px, 1.218rem + ((1vw - 3.2px) * 1.2), 31px);letter-spacing:-0.02em\"><strong><strong>Exp\u00e9dition<\/strong> et Livraison<\/strong><\/h3>\n\n\n\n<div class=\"wp-block-group alignwide has-contrast-color has-text-color has-link-color wp-elements-33f4e399aad323b4d6a1dc0f20e05f8f is-layout-flow wp-block-group-is-layout-flow\">\n<hr class=\"wp-block-separator has-text-color has-custom-color-1-color has-alpha-channel-opacity has-custom-color-1-background-color has-background is-style-wide\" style=\"margin-top:var(--wp--preset--spacing--30);margin-bottom:var(--wp--preset--spacing--30)\"\/>\n\n\n\n<h3 class=\"wp-block-heading alignwide has-custom-color-1-color has-text-color has-link-color wp-elements-fabdfbcc3e6d08296bf4cc8f3f218922\" style=\"font-size:clamp(16.293px, 1.018rem + ((1vw - 3.2px) * 0.907), 25px);\"><strong>D\u2019o\u00f9 sont exp\u00e9di\u00e9es vos cartes pop-up, et quel service de livraison utilisez-vous ?<\/strong><\/h3>\n\n\n\n<p class=\"has-custom-color-1-color has-text-color has-link-color has-inter-font-family wp-elements-e845fa6ecc63b33052ee71701127d25e\" style=\"font-size:clamp(14px, 0.875rem + ((1vw - 3.2px) * 0.208), 16px);\">Toutes nos cartes 3D pop-up sont pr\u00e9par\u00e9es avec le plus grand soin et exp\u00e9di\u00e9es directement depuis notre si\u00e8ge \u00e0 <strong>Gen\u00e8ve, en Suisse<\/strong>. Pour garantir un service rapide et s\u00e9curis\u00e9, que ce soit en Suisse ou \u00e0 l\u2019international, nous faisons confiance au r\u00e9seau de<strong> La Poste Suisse<\/strong>.<\/p>\n\n\n\n<hr class=\"wp-block-separator has-text-color has-custom-color-1-color has-alpha-channel-opacity has-custom-color-1-background-color has-background is-style-wide\" style=\"margin-top:var(--wp--preset--spacing--30);margin-bottom:var(--wp--preset--spacing--30)\"\/>\n\n\n\n<h3 class=\"wp-block-heading alignwide has-custom-color-1-color has-text-color has-link-color wp-elements-270580ae064723defe66371fd0297417\" style=\"font-size:clamp(16.293px, 1.018rem + ((1vw - 3.2px) * 0.907), 25px);\"><strong>Quels sont les d\u00e9lais et les destinations desservies ?<\/strong><\/h3>\n\n\n\n<p class=\"has-custom-color-1-color has-text-color has-link-color wp-elements-5ff11a91224b88e807c83ebe8e4c1ce5\" style=\"font-size:clamp(14px, 0.875rem + ((1vw - 3.2px) * 0.208), 16px);\">Nous sommes heureux d&#8217;exp\u00e9dier vos commandes chaque jour, que vous soyez en Suisse ou dans toute l\u2019Europe (Royaume-Uni inclus).<\/p>\n\n\n\n<p class=\"has-custom-color-1-color has-text-color has-link-color wp-elements-55526e2487dd039bb6885260437f910a\" style=\"font-size:clamp(14px, 0.875rem + ((1vw - 3.2px) * 0.208), 16px);\"><strong>Suisse (national)<\/strong>: Livraison le jour suivant<\/p>\n\n\n\n<p class=\"has-custom-color-1-color has-text-color has-link-color wp-elements-861979d65a372c811af5924f881e6a93\"><strong>Reste de l&#8217;Europe<\/strong> <strong>et Royaume-Uni<\/strong> <strong>(international)<\/strong>: 3 \u00e0 5 jours ouvrables<\/p>\n\n\n\n<hr class=\"wp-block-separator has-text-color has-custom-color-1-color has-alpha-channel-opacity has-custom-color-1-background-color has-background is-style-wide\" style=\"margin-top:var(--wp--preset--spacing--30);margin-bottom:var(--wp--preset--spacing--30)\"\/>\n\n\n\n<h3 class=\"wp-block-heading alignwide has-custom-color-1-color has-text-color has-link-color wp-elements-db6b50e3aa3179ca9982b5955d189da7\" style=\"font-size:clamp(16.293px, 1.018rem + ((1vw - 3.2px) * 0.907), 25px);\"><strong>Quand ma commande sera-t-elle exp\u00e9di\u00e9e ?<\/strong><\/h3>\n\n\n\n<p class=\"has-custom-color-1-color has-text-color has-link-color wp-elements-a2849681c5c944c8c60382afebdf3ce7\" style=\"font-size:clamp(14px, 0.875rem + ((1vw - 3.2px) * 0.208), 16px);\">Nous privil\u00e9gions la rapidit\u00e9 ! Toutes les commandes de cartes pop-up sont exp\u00e9di\u00e9es sous <strong>1 jour ouvrable<\/strong>. Vous recevrez un e-mail de confirmation d\u00e8s que votre colis sera en route.<\/p>\n\n\n\n<hr class=\"wp-block-separator has-text-color has-custom-color-1-color has-alpha-channel-opacity has-custom-color-1-background-color has-background is-style-wide\" style=\"margin-top:var(--wp--preset--spacing--30);margin-bottom:var(--wp--preset--spacing--30)\"\/>\n\n\n\n<h3 class=\"wp-block-heading alignwide has-custom-color-1-color has-text-color has-link-color wp-elements-750c92fd0a20c7d7f1d69603f97c4ab3\" style=\"font-size:clamp(16.293px, 1.018rem + ((1vw - 3.2px) * 0.907), 25px);\"><strong>Combien co\u00fbte la livraison ?<\/strong><\/h3>\n\n\n\n<p class=\"has-custom-color-1-color has-text-color has-link-color wp-elements-fdcc8c3a830a39de30c60d769d74f587\" style=\"font-size:clamp(14px, 0.875rem + ((1vw - 3.2px) * 0.208), 16px);\">Les frais d\u2019exp\u00e9dition sont calcul\u00e9s au moment du paiement. Ils varient en fonction de la destination, du poids et de la taille de votre commande. Le montant exact s\u2019affichera avant la validation finale de votre achat.<\/p>\n<\/div>\n\n\n\n<div style=\"height:100px\" aria-hidden=\"true\" class=\"wp-block-spacer\"><\/div>\n\n\n\n<h2 class=\"wp-block-heading alignwide has-custom-color-1-color has-text-color has-link-color wp-elements-679b30cd9341df9e608fc295182e1e92\" style=\"font-size:clamp(19.481px, 1.218rem + ((1vw - 3.2px) * 1.2), 31px);letter-spacing:-0.02em\"><strong><strong>Commandes<\/strong><\/strong> <strong>et Personnalisation<\/strong><\/h2>\n\n\n\n<div class=\"wp-block-group alignwide is-layout-flow wp-block-group-is-layout-flow\">\n<hr class=\"wp-block-separator has-text-color has-custom-color-1-color has-alpha-channel-opacity has-custom-color-1-background-color has-background is-style-wide\" style=\"margin-top:var(--wp--preset--spacing--30);margin-bottom:var(--wp--preset--spacing--30)\"\/>\n\n\n\n<h3 class=\"wp-block-heading alignwide has-custom-color-1-color has-text-color has-link-color wp-elements-0a9d7926848d0434fe38d32810c9ea31\" style=\"font-size:clamp(16.293px, 1.018rem + ((1vw - 3.2px) * 0.907), 25px);\"><strong>Pouvez-vous \u00e9crire un message personnel dans la carte et l\u2019envoyer directement au destinataire ?<\/strong><\/h3>\n\n\n\n<p class=\"has-custom-color-1-color has-text-color has-link-color wp-elements-d038f265178417b3f016cd9426bf7f80\" style=\"font-size:clamp(14px, 0.875rem + ((1vw - 3.2px) * 0.208), 16px);\">Absolument ! C\u2019est notre service phare. Avant d\u2019ajouter la carte \u00e0 votre panier, il vous suffit de saisir votre message dans le champ de personnalisation. Nous nous engageons \u00e0 \u00e9crire votre texte<strong> \u00e0 la main<\/strong>, dans une belle \u00e9criture, directement sur la carte pop-up choisie, avant de l\u2019exp\u00e9dier \u00e0 votre destinataire. C&#8217;est la solution parfaite pour un cadeau personnel et sans effort !<\/p>\n\n\n\n<hr class=\"wp-block-separator has-text-color has-custom-color-1-color has-alpha-channel-opacity has-custom-color-1-background-color has-background is-style-wide\" style=\"margin-top:var(--wp--preset--spacing--30);margin-bottom:var(--wp--preset--spacing--30)\"\/>\n\n\n\n<h3 class=\"wp-block-heading alignwide has-custom-color-1-color has-text-color has-link-color wp-elements-c0532a52a5107aad96f066ed7c5b45f3\" style=\"font-size:clamp(16.293px, 1.018rem + ((1vw - 3.2px) * 0.907), 25px);\"><strong>Puis-je envoyer plusieurs cartes \u00e0 des destinataires diff\u00e9rents dans une seule commande ?<\/strong><\/h3>\n\n\n\n<p class=\"has-custom-color-1-color has-text-color has-link-color wp-elements-1d0826e9e14f0e3d35623ee3570dfaab\" style=\"font-size:clamp(14px, 0.875rem + ((1vw - 3.2px) * 0.208), 16px);\">Afin de garantir que chaque carte soit correctement adress\u00e9e et livr\u00e9e dans les meilleurs d\u00e9lais, chaque commande est limit\u00e9e \u00e0 une seule adresse d&#8217;exp\u00e9dition. Si vous souhaitez envoyer des cartes \u00e0 plusieurs personnes, nous vous invitons \u00e0 passer une commande distincte pour chaque destinataire.<\/p>\n\n\n\n<hr class=\"wp-block-separator has-text-color has-custom-color-1-color has-alpha-channel-opacity has-custom-color-1-background-color has-background is-style-wide\" style=\"margin-top:var(--wp--preset--spacing--30);margin-bottom:var(--wp--preset--spacing--30)\"\/>\n\n\n\n<h3 class=\"wp-block-heading alignwide has-custom-color-1-color has-text-color has-link-color wp-elements-26ae130757d8066a83764d2a82e62abb\" style=\"font-size:clamp(16.293px, 1.018rem + ((1vw - 3.2px) * 0.907), 25px);\"><strong>Puis-je annuler ou modifier ma commande apr\u00e8s l\u2019avoir pass\u00e9e ?<\/strong><\/h3>\n\n\n\n<p class=\"has-custom-color-1-color has-text-color has-link-color wp-elements-bbd487eebde4043f3f6775a4a0a51ece\" style=\"font-size:clamp(14px, 0.875rem + ((1vw - 3.2px) * 0.208), 16px);\">Une de nos priorit\u00e9s est de traiter les commandes rapidement (souvent en quelques heures). Si vous devez annuler ou modifier votre commande, \u00e9crivez-nous imm\u00e9diatement \u00e0 <a href=\"mailto:contact@popacard.ch\">contact@popacard.ch<\/a>. Nous pourrons proc\u00e9der aux changements ou au remboursement int\u00e9gral, <em>\u00e0 condition que votre colis n\u2019ait pas encore \u00e9t\u00e9 exp\u00e9di\u00e9<\/em>.<\/p>\n<\/div>\n\n\n\n<div style=\"height:100px\" aria-hidden=\"true\" class=\"wp-block-spacer\"><\/div>\n\n\n\n<h2 class=\"wp-block-heading alignwide has-custom-color-1-color has-text-color has-link-color wp-elements-73364a856f43e81900230fc5c960e356\" style=\"font-size:clamp(19.481px, 1.218rem + ((1vw - 3.2px) * 1.2), 31px);letter-spacing:-0.02em\"><strong>Retours et Remboursements<\/strong><\/h2>\n\n\n\n<div class=\"wp-block-group alignwide is-layout-flow wp-block-group-is-layout-flow\">\n<hr class=\"wp-block-separator has-text-color has-custom-color-1-color has-alpha-channel-opacity has-custom-color-1-background-color has-background is-style-wide\" style=\"margin-top:var(--wp--preset--spacing--30);margin-bottom:var(--wp--preset--spacing--30)\"\/>\n\n\n\n<h3 class=\"wp-block-heading alignwide has-custom-color-1-color has-text-color has-link-color wp-elements-3ccaac680cb4f9185e3ba5c98d590ac7\" style=\"font-size:clamp(16.293px, 1.018rem + ((1vw - 3.2px) * 0.907), 25px);\"><strong>Quelle est votre politique si je change d\u2019avis ?<\/strong><\/h3>\n\n\n\n<p class=\"has-custom-color-1-color has-text-color has-link-color wp-elements-4799396fc6ae1d879f663904da2239c9\" style=\"font-size:clamp(14px, 0.875rem + ((1vw - 3.2px) * 0.208), 16px);\">Votre satisfaction est une priorit\u00e9 pour nous. Si vous changez d\u2019avis, vous pouvez nous retourner l&#8217;article non utilis\u00e9 sous 14 jours apr\u00e8s la livraison pour un remboursement int\u00e9gral ou un \u00e9change. Contactez simplement notre service client \u00e0 <a href=\"mailto:contact@popacard.ch\">contact@popacard.ch<\/a> pour organiser le retour. <\/p>\n\n\n\n<p class=\"has-custom-color-1-color has-text-color has-link-color wp-elements-30aeeef810fa6f41cc38f8d8398f7659\" style=\"font-size:clamp(14px, 0.875rem + ((1vw - 3.2px) * 0.208), 16px);\"><em>Attention : Les cartes personnalis\u00e9es avec un message manuscrit ne sont pas remboursables, sauf en cas de d\u00e9faut.<\/em><\/p>\n\n\n\n<hr class=\"wp-block-separator has-text-color has-custom-color-1-color has-alpha-channel-opacity has-custom-color-1-background-color has-background is-style-wide\" style=\"margin-top:var(--wp--preset--spacing--30);margin-bottom:var(--wp--preset--spacing--30)\"\/>\n\n\n\n<h3 class=\"wp-block-heading alignwide has-custom-color-1-color has-text-color has-link-color wp-elements-41344a1e628472fbbfbfa99e6b206d0e\" style=\"font-size:clamp(16.293px, 1.018rem + ((1vw - 3.2px) * 0.907), 25px);\"><strong>Que se passe-t-il si vous avez fait une erreur ou si l&#8217;article est d\u00e9fectueux ?<\/strong><\/h3>\n\n\n\n<p class=\"has-custom-color-1-color has-text-color has-link-color wp-elements-9586ad2a7fe59f0b2224d9108fcda87b\" style=\"font-size:clamp(14px, 0.875rem + ((1vw - 3.2px) * 0.208), 16px);\">Nous prenons en charge ces situations imm\u00e9diatement ! En cas d\u2019erreur de notre part (par ex. carte incorrecte) ou si l&#8217;article arrive endommag\u00e9, nous vous enverrons sans d\u00e9lai un produit de remplacement ou nous proc\u00e9derons \u00e0 un remboursement int\u00e9gral, y compris les frais d&#8217;exp\u00e9dition. Envoyez-nous simplement une photo et une br\u00e8ve description du probl\u00e8me.<\/p>\n<\/div>\n\n\n\n<div style=\"height:100px\" aria-hidden=\"true\" class=\"wp-block-spacer\"><\/div>\n\n\n\n<h2 class=\"wp-block-heading alignwide has-custom-color-1-color has-text-color has-link-color wp-elements-236b4acbbaacb0fe8d73a785c47d5a28\" style=\"font-size:clamp(19.481px, 1.218rem + ((1vw - 3.2px) * 1.2), 31px);letter-spacing:-0.02em\"><strong>\u00c0 Propos de Nos Cartes Pop-Up<\/strong><\/h2>\n\n\n\n<div class=\"wp-block-group alignwide is-layout-flow wp-block-group-is-layout-flow\">\n<hr class=\"wp-block-separator has-text-color has-custom-color-1-color has-alpha-channel-opacity has-custom-color-1-background-color has-background is-style-wide\" style=\"margin-top:var(--wp--preset--spacing--30);margin-bottom:var(--wp--preset--spacing--30)\"\/>\n\n\n\n<h3 class=\"wp-block-heading alignwide has-custom-color-1-color has-text-color has-link-color wp-elements-c4f180322a8eaa1ab0d1510dabc35eff\" style=\"font-size:clamp(16.293px, 1.018rem + ((1vw - 3.2px) * 0.907), 25px);\"><strong>De quoi sont faites vos cartes pop-up ?<\/strong><\/h3>\n\n\n\n<p class=\"has-custom-color-1-color has-text-color has-link-color wp-elements-62115d33a8ef1ca2b655d4fba2a78a0e\" style=\"font-size:clamp(14px, 0.875rem + ((1vw - 3.2px) * 0.208), 16px);\">Nos cartes sont confectionn\u00e9es avec du papier cartonn\u00e9 de haute qualit\u00e9 et durable. Leur structure et leurs d\u00e9cors sont d\u00e9coup\u00e9s au laser avec une finesse et une pr\u00e9cision extr\u00eames. Ce sont de v\u00e9ritables petites \u0153uvres d&#8217;art en papier, garantissant que la structure 3D soit solide et tienne dans le temps.<\/p>\n\n\n\n<hr class=\"wp-block-separator has-text-color has-custom-color-1-color has-alpha-channel-opacity has-custom-color-1-background-color has-background is-style-wide\" style=\"margin-top:var(--wp--preset--spacing--30);margin-bottom:var(--wp--preset--spacing--30)\"\/>\n\n\n\n<h3 class=\"wp-block-heading alignwide has-custom-color-1-color has-text-color has-link-color wp-elements-4ae05d7c43495dad315b71001b59dbb1\" style=\"font-size:clamp(16.293px, 1.018rem + ((1vw - 3.2px) * 0.907), 25px);\"><strong>Vos cartes n\u00e9cessitent-elles un affranchissement suppl\u00e9mentaire en raison de leur \u00e9paisseur ?<\/strong><\/h3>\n\n\n\n<p class=\"has-custom-color-1-color has-text-color has-link-color wp-elements-a4e1a95471f07f521dea7759258b82c2\" style=\"font-size:clamp(14px, 0.875rem + ((1vw - 3.2px) * 0.208), 16px);\">Non. Malgr\u00e9 leur conception 3D \u00e9labor\u00e9e, toutes nos cartes pop-up se plient enti\u00e8rement \u00e0 plat et sont con\u00e7ues pour se glisser dans une enveloppe standard. Elles peuvent \u00eatre envoy\u00e9es avec l&#8217;affranchissement postal standard national ou international.<\/p>\n<\/div>\n\n\n\n<div class=\"wp-block-group alignwide is-layout-flow wp-block-group-is-layout-flow\">\n<div style=\"height:100px\" aria-hidden=\"true\" class=\"wp-block-spacer\"><\/div>\n\n\n\n<h3 class=\"wp-block-heading alignwide has-text-align-center has-custom-color-1-color has-text-color has-link-color wp-elements-8e4e76d4962be86d05162ee53de1567b\" style=\"font-size:clamp(19.481px, 1.218rem + ((1vw - 3.2px) * 1.2), 31px);\"><strong>Vous n&#8217;avez pas trouv\u00e9 de r\u00e9ponse \u00e0 votre question ?<\/strong><\/h3>\n\n\n\n<p class=\"has-contrast-1-color has-text-color has-link-color wp-elements-8a6244d0256af1d148be9c6f8727b5fe\"><\/p>\n\n\n\n<div style=\"height:29px\" aria-hidden=\"true\" class=\"wp-block-spacer\"><\/div>\n<\/div>\n\n\n\n<div class=\"wp-block-buttons is-content-justification-center is-layout-flex wp-container-core-buttons-is-layout-a89b3969 wp-block-buttons-is-layout-flex\">\n<div class=\"wp-block-button\"><a class=\"wp-block-button__link has-background has-text-align-center has-custom-font-size wp-element-button\" href=\"http:\/\/popacard.ch\/fr\/contact\" style=\"background-color:#ff6b6b;font-size:clamp(0.984rem, 0.984rem + ((1vw - 0.2rem) * 0.86), 1.5rem);\">Contactez-nous !<\/a><\/div>\n<\/div>\n<\/div>\n","protected":false},"excerpt":{"rendered":"<p>Questions Fr\u00e9quentes Exp\u00e9dition et Livraison D\u2019o\u00f9 sont exp\u00e9di\u00e9es vos cartes pop-up, et quel service de livraison utilisez-vous ? Toutes nos cartes 3D pop-up sont pr\u00e9par\u00e9es avec le plus grand soin et exp\u00e9di\u00e9es directement depuis notre si\u00e8ge \u00e0 Gen\u00e8ve, en Suisse. Pour garantir un service rapide et s\u00e9curis\u00e9, que ce soit en Suisse ou \u00e0 l\u2019international, [&hellip;]<\/p>\n","protected":false},"author":3,"featured_media":0,"parent":0,"menu_order":0,"comment_status":"closed","ping_status":"closed","template":"","meta":{"footnotes":""},"class_list":["post-68","page","type-page","status-publish","hentry"],"aioseo_notices":[],"_links":{"self":[{"href":"https:\/\/popacard.ch\/fr\/wp-json\/wp\/v2\/pages\/68","targetHints":{"allow":["GET"]}}],"collection":[{"href":"https:\/\/popacard.ch\/fr\/wp-json\/wp\/v2\/pages"}],"about":[{"href":"https:\/\/popacard.ch\/fr\/wp-json\/wp\/v2\/types\/page"}],"author":[{"embeddable":true,"href":"https:\/\/popacard.ch\/fr\/wp-json\/wp\/v2\/users\/3"}],"replies":[{"embeddable":true,"href":"https:\/\/popacard.ch\/fr\/wp-json\/wp\/v2\/comments?post=68"}],"version-history":[{"count":10,"href":"https:\/\/popacard.ch\/fr\/wp-json\/wp\/v2\/pages\/68\/revisions"}],"predecessor-version":[{"id":701,"href":"https:\/\/popacard.ch\/fr\/wp-json\/wp\/v2\/pages\/68\/revisions\/701"}],"wp:attachment":[{"href":"https:\/\/popacard.ch\/fr\/wp-json\/wp\/v2\/media?parent=68"}],"curies":[{"name":"wp","href":"https:\/\/api.w.org\/{rel}","templated":true}]}}